{"id":513,"date":"2014-06-02T16:52:03","date_gmt":"2014-06-02T16:52:03","guid":{"rendered":"http:\/\/damtoften6.dk\/diramo\/?page_id=513"},"modified":"2022-10-02T09:33:39","modified_gmt":"2022-10-02T07:33:39","slug":"kontakt","status":"publish","type":"page","link":"https:\/\/diramo.dk\/?page_id=513","title":{"rendered":"Kontakt"},"content":{"rendered":"<h1><span style=\"font-size: 13px;\"><a href=\"\/?page_id=522\"><img loading=\"lazy\" decoding=\"async\" class=\"alignleft size-thumbnail wp-image-417\" src=\"\/wp-content\/uploads\/2013\/10\/contact-150x150.jpeg\" alt=\"contact\" width=\"150\" height=\"150\" \/><\/a><\/span><\/h1>\n<p>Vil du h\u00f8re mere om klubben, eller er du interesseret i pr\u00f8vetr\u00e6ning og medlemskab, s\u00e5 kontakt bestyrelsen pr. e-mail: bestyrelse (at) diramo (dot) dk.<\/p>\n<p>S\u00e5 oplyser bestyrelsen, om klubben for tiden optager nye medlemmer, og vi kan aftale pr\u00f8vetr\u00e6ning mm.<\/p>\n<p>Husk at anf\u00f8re, om du \u00f8nsker at deltage i volleyball p\u00e5 fast gulv og\/eller beachvolley, og skriv gerne lidt om dit niveau og din erfaring med volleyball.<\/p>\n<p>Vi har ogs\u00e5 en side p\u00e5 <a title=\"Facebook\" href=\"https:\/\/www.facebook.com\/diramovolley\/\" target=\"_blank\" rel=\"noopener noreferrer\">Facebook<\/a>.<\/p>\n<h1>Contact us<\/h1>\n<h1><span style=\"font-size: 13px;\"><a href=\"\/?page_id=649\"><img loading=\"lazy\" decoding=\"async\" class=\"alignleft size-thumbnail wp-image-417\" src=\"\/wp-content\/uploads\/2013\/10\/contact-150x150.jpeg\" alt=\"contact\" width=\"150\" height=\"150\" \/><\/a><\/span><\/h1>\n<p>If you want to learn more about our club, or if you would like a tryout, then send us an e-mail in advance to board (at) diramo (dot) dk. Please indicate whether you are looking to participate in hardcourt and\/or beach volleyball, and remember to include a few lines about your volleyball background.<\/p>\n<p>The board will then let you know if the club is currently accepting new members, and we can arrange a try-out in case we are open for enrollment.<\/p>\n<p>We also have a (Danish) <a title=\"Facebook\" href=\"https:\/\/www.facebook.com\/diramovolley\/\" target=\"_blank\" rel=\"noopener noreferrer\">Facebook<\/a>\u00a0page.<\/p>\n","protected":false},"excerpt":{"rendered":"<p>Vil du h\u00f8re mere om klubben, eller er du interesseret i pr\u00f8vetr\u00e6ning og medlemskab, s\u00e5 kontakt bestyrelsen pr. e-mail: bestyrelse (at) diramo (dot) dk. S\u00e5 oplyser bestyrelsen, om klubben for tiden optager nye medlemmer, og vi kan aftale pr\u00f8vetr\u00e6ning mm. Husk at anf\u00f8re, om du \u00f8nsker at deltage i volleyball p\u00e5 fast gulv og\/eller beachvolley, &hellip; <a href=\"https:\/\/diramo.dk\/?page_id=513\" class=\"more-link\">L\u00e6s videre <span class=\"screen-reader-text\">Kontakt<\/span> <span class=\"meta-nav\">&rarr;<\/span><\/a><\/p>\n","protected":false},"author":2,"featured_media":0,"parent":0,"menu_order":70,"comment_status":"closed","ping_status":"closed","template":"","meta":{"footnotes":""},"class_list":["post-513","page","type-page","status-publish","hentry"],"_links":{"self":[{"href":"https:\/\/diramo.dk\/index.php?rest_route=\/wp\/v2\/pages\/513","targetHints":{"allow":["GET"]}}],"collection":[{"href":"https:\/\/diramo.dk\/index.php?rest_route=\/wp\/v2\/pages"}],"about":[{"href":"https:\/\/diramo.dk\/index.php?rest_route=\/wp\/v2\/types\/page"}],"author":[{"embeddable":true,"href":"https:\/\/diramo.dk\/index.php?rest_route=\/wp\/v2\/users\/2"}],"replies":[{"embeddable":true,"href":"https:\/\/diramo.dk\/index.php?rest_route=%2Fwp%2Fv2%2Fcomments&post=513"}],"version-history":[{"count":8,"href":"https:\/\/diramo.dk\/index.php?rest_route=\/wp\/v2\/pages\/513\/revisions"}],"predecessor-version":[{"id":1212,"href":"https:\/\/diramo.dk\/index.php?rest_route=\/wp\/v2\/pages\/513\/revisions\/1212"}],"wp:attachment":[{"href":"https:\/\/diramo.dk\/index.php?rest_route=%2Fwp%2Fv2%2Fmedia&parent=513"}],"curies":[{"name":"wp","href":"https:\/\/api.w.org\/{rel}","templated":true}]}}