{"id":977,"date":"2019-11-16T19:05:40","date_gmt":"2019-11-16T19:05:40","guid":{"rendered":"http:\/\/diramo.dk\/?page_id=977"},"modified":"2019-11-18T19:41:41","modified_gmt":"2019-11-18T19:41:41","slug":"god-opfoersel-paa-holdsport-dk","status":"publish","type":"page","link":"https:\/\/diramo.dk\/?page_id=977","title":{"rendered":"Retningslinjer for brug af holdsport.dk"},"content":{"rendered":"\n<p>Denne side handler om de forventninger, vi som klub har til din opf\u00f8rsel p\u00e5 holdsport.dk &#8211; alts\u00e5 den hjemmeside, vi bruger til at styre tilmeldinger til spil og andre begivenheder. Der er ikke noget af det, du kan l\u00e6se her, som vil v\u00e6re meget overraskende for rutinerede brugere af holdsport.dk, men vi vil gerne sikre os, at alle er med p\u00e5 reglerne.<\/p>\n\n\n\n<h2 class=\"wp-block-heading\">F\u00f8dselsdato<\/h2>\n\n\n\n<p>Diramo Volley skal hvert \u00e5r indberette medlemstal, fordelt p\u00e5 aldersgrupper, og derfor skal vi bruge dit f\u00f8dsels\u00e5r. Som holdsport.dk er indrettet, kan man ikke n\u00f8jes med at indtaste \u00e5rstallet, s\u00e5 du er n\u00f8dt til at indtaste b\u00e5de dag og m\u00e5ned (men du bestemmer selv hvilke). Den seneste udgave af foreningens <a rel=\"noreferrer noopener\" aria-label=\" (\u00e5bner i en ny fane)\" href=\"\/wp-content\/uploads\/2019\/03\/Vedt%C3%A6gter-2019.pdf\" target=\"_blank\">vedt\u00e6gter<\/a> indeholder en bestemmelse i \u00a74 om, at indtastning af f\u00f8dselsdato er en foruds\u00e6tning for at v\u00e6re medlem.<\/p>\n\n\n\n<h2 class=\"wp-block-heading\">Generelt om til- og afmeldinger<\/h2>\n\n\n\n<p>Hvis din til- eller afmelding g\u00f8r, at der er 3 eller 7 tilmeldte til et beachvolley-arrangement dagen f\u00f8r eller p\u00e5 selve dagen for et beachvolley-arrangement, risikerer du at blive upopul\u00e6r. Nogle gange kan det ikke undg\u00e5s, men g\u00f8r dig umage! Det er bare ikke sjovt at m\u00e5tte aflyse et arrangement pga. for f\u00e5 tilmeldte, eller hvis der hele tiden skal sidde 3 spillere ude, mens de andre spiller.<\/p>\n\n\n\n<p>N\u00e5r der er tilmelding til et arrangement, er det <strong>ikke<\/strong> OK at m\u00f8de op uden at have tilmeldt sig. S\u00e6rlig ikke, hvis arrangementet er overtegnet.<\/p>\n\n\n\n<h2 class=\"wp-block-heading\">Tilmeldinger<\/h2>\n\n\n\n<ul class=\"wp-block-list\"><li>Husk at tilmelde dig i god tid (gerne flere dage) inden et arrangement.<\/li><li>Hvis en aktivitet er overtegnet, s\u00e5 meld dig p\u00e5 venteliste. Du f\u00e5r en email, n\u00e5r\/hvis du bliver tilmeldt pga. afmeldinger, men du kan ogs\u00e5 se det p\u00e5 selve arrangementet, s\u00e5 husk at se efter &#8211; <strong>is\u00e6r p\u00e5 dagen<\/strong>. <\/li><li>Hvis du er tilmeldt, s\u00e5 husk at m\u00f8de op <strong>til tiden<\/strong>. Det er d\u00e5rlig stil &#8211; og vil blive bem\u00e6rket af de andre &#8211; hvis du udebliver uden afbud eller j\u00e6vnligt kommer for sent.<\/li><\/ul>\n\n\n\n<h2 class=\"wp-block-heading\">G\u00e6ster<\/h2>\n\n\n\n<ul class=\"wp-block-list\"><li> Det er OK at tilmelde g\u00e6ster &#8211; men kun, hvis der er ledige pladser til et arrangement.<\/li><li>Det er <strong>ikke<\/strong> OK at tilmelde g\u00e6ster lige op til et arrangement, hvis det g\u00f8r, at vi fx er 3 eller 7 spillere til beachvolley (se afsnittet &#8220;Generelt&#8221;), eller hvis vi bliver flere end 14 spillere p\u00e5 fast gulv.<\/li><li>Hvis du medbringer g\u00e6ster, s\u00e5 skriv en kommentar til arrangementet med g\u00e6sternes navne. <\/li><li> Hvis den samme g\u00e6st har v\u00e6ret med 3 gange i samme kalender\u00e5r, skal vedkommende melde sig ind i klubben og betale kontingent, f\u00f8r han\/hun kan deltage igen.<\/li><\/ul>\n\n\n\n<h2 class=\"wp-block-heading\">Afmeldinger<\/h2>\n\n\n\n<ul class=\"wp-block-list\"><li> Hvis du f\u00e5r brug for at framelde dig, s\u00e5 g\u00f8r det hurtigst muligt. Du bliver <strong>ikke<\/strong> popul\u00e6r, hvis din afmelding kommer p\u00e5 selve dagen. Man kan ikke altid undg\u00e5 det, men g\u00f8r dit bedste!<\/li><li>Den besked, du giver i forbindelse med din afmelding, g\u00e5r kun til klubbens &#8220;tr\u00e6nere&#8221;. Det er god stil at tilf\u00f8je en kommentar til selve arrangementet, som forklarer, hvorfor du melder fra. Det g\u00e6lder is\u00e6r sene afmeldinger.<\/li><\/ul>\n\n\n\n<h2 class=\"wp-block-heading\">Undg\u00e5 spam fra holdsport.dk<\/h2>\n\n\n\n<p>Den m\u00e5de, Diramo Volley bruger holdsport.dk p\u00e5, g\u00f8r, at man modtager &#8211; eller i hvert fald risikerer at modtage &#8211; rigtig mange emails hver uge. Her kommer nogle tips til at modtage f\u00e6rre af disse.<\/p>\n\n\n\n<ul class=\"wp-block-list\"><li>Check din profil p\u00e5 holdsport.dk, og s\u00f8rg for, at tilvalg\/fravalg passer med dine \u00f8nsker. En del beskeder kan frav\u00e6lges.<\/li><li>Hvis du \u00f8nsker at undg\u00e5 p\u00e5mindelser til aktiviteter, du ikke er tilmeldt, kan du framelde dig (i stedet for at g\u00f8re ingenting). Eller tilmelde dig!<\/li><li>Der er mange fordele ved at til- og framelde dig aktiviteter i god tid. Du undg\u00e5r en del emails fra holdsport.dk, du sikrer dig en plads i god tid, og du formindsker risikoen for, at aktiviteter m\u00e5 aflyses pga. for f\u00e5 tilmeldte. Det sidste g\u00e6lder is\u00e6r, fordi en del medlemmer venter med at tilmelde sig, til de kan se at andre er tilmeldt. Hvis alle g\u00f8r s\u00e5dan, bliver der mange aflysninger &#8230;<\/li><\/ul>\n\n\n\n<p><\/p>\n","protected":false},"excerpt":{"rendered":"<p>Denne side handler om de forventninger, vi som klub har til din opf\u00f8rsel p\u00e5 holdsport.dk &#8211; alts\u00e5 den hjemmeside, vi bruger til at styre tilmeldinger til spil og andre begivenheder. Der er ikke noget af det, du kan l\u00e6se her, som vil v\u00e6re meget overraskende for rutinerede brugere af holdsport.dk, men vi vil gerne sikre &hellip; <a href=\"https:\/\/diramo.dk\/?page_id=977\" class=\"more-link\">L\u00e6s videre <span class=\"screen-reader-text\">Retningslinjer for brug af holdsport.dk<\/span> <span class=\"meta-nav\">&rarr;<\/span><\/a><\/p>\n","protected":false},"author":2,"featured_media":0,"parent":0,"menu_order":30,"comment_status":"closed","ping_status":"closed","template":"","meta":{"footnotes":""},"class_list":["post-977","page","type-page","status-publish","hentry"],"_links":{"self":[{"href":"https:\/\/diramo.dk\/index.php?rest_route=\/wp\/v2\/pages\/977","targetHints":{"allow":["GET"]}}],"collection":[{"href":"https:\/\/diramo.dk\/index.php?rest_route=\/wp\/v2\/pages"}],"about":[{"href":"https:\/\/diramo.dk\/index.php?rest_route=\/wp\/v2\/types\/page"}],"author":[{"embeddable":true,"href":"https:\/\/diramo.dk\/index.php?rest_route=\/wp\/v2\/users\/2"}],"replies":[{"embeddable":true,"href":"https:\/\/diramo.dk\/index.php?rest_route=%2Fwp%2Fv2%2Fcomments&post=977"}],"version-history":[{"count":13,"href":"https:\/\/diramo.dk\/index.php?rest_route=\/wp\/v2\/pages\/977\/revisions"}],"predecessor-version":[{"id":997,"href":"https:\/\/diramo.dk\/index.php?rest_route=\/wp\/v2\/pages\/977\/revisions\/997"}],"wp:attachment":[{"href":"https:\/\/diramo.dk\/index.php?rest_route=%2Fwp%2Fv2%2Fmedia&parent=977"}],"curies":[{"name":"wp","href":"https:\/\/api.w.org\/{rel}","templated":true}]}}